{"id":4425,"date":"2018-05-18T14:04:20","date_gmt":"2018-05-18T12:04:20","guid":{"rendered":"http:\/\/hallein-evangelisch.at\/wp\/?page_id=4425"},"modified":"2025-09-27T15:18:35","modified_gmt":"2025-09-27T13:18:35","slug":"erklaerung-zum-datenschutz-privacy-policy","status":"publish","type":"page","link":"https:\/\/hallein-evangelisch.at\/wp\/?page_id=4425","title":{"rendered":"Erkl\u00e4rung zum Datenschutz (Privacy Policy) \u2013 Impressum"},"content":{"rendered":"<p>[Update 27.09.2025]<\/p>\n<h3>Impressum<\/h3>\n<p>Name des Medieninhabers: Pfarrer Dr. Peter Gabriel<br \/>\nAdresse des Medieninhabers: 5400 Hallein, Davisstra\u00dfe 38<br \/>\nZweck der Homepage: Information \u00fcber das Gemeindeleben, Anregungen und Kommentare. Siehe <a href=\"https:\/\/hallein-evangelisch.at\/wp\/?p=3955\">LEiTBILD der Evangelischen Pfarrgemeinde A.B. Hallein<\/a><\/p>\n<h3>Vorwort<\/h3>\n<p>Wir nehmen den Schutz Ihrer Daten sehr ernst, die besondere Beachtung der Privatsph\u00e4re bei der Verarbeitung pers\u00f6nlicher Daten ist uns ein wichtiges Anliegen. Personenbezogene Daten werden gem\u00e4\u00df den Bestimmungen des kirchlichen Datenschutzgesetzes (DatSchG, einsehbar unter <a href=\"https:\/\/www.kirchenrecht.at\/document\/39798\">https:\/\/www.kirchenrecht.at\/document\/39798<\/a>) sowie den einschl\u00e4gigen \u00f6sterreichischen Gesetzen (u.a. DSGVO, TKG 2003) verwendet. Unsere Datenschutzerkl\u00e4rung erstreckt sich nur auf den Besuch auf unserer Webseite, deren Funktionen und Inhalte.<\/p>\n<p>Mehr Informationen zum Umgang mit personenbezogenen Daten durch die Evangelische Kirche A.u.H.B. in \u00d6sterreich finden Sie unter <a href=\"http:\/\/www.okr-evang.at\/datenschutz\/\">http:\/\/www.okr-evang.at\/datenschutz\/<\/a>.<\/p>\n<h3>Kategorien von Daten<\/h3>\n<p>Man kann unsere Website grunds\u00e4tzlich ohne Offenlegung der Identit\u00e4t nutzen, ebenso werden wir f\u00fcr die Nutzung des Angebots so wenig personenbezogene Daten wie m\u00f6glich erheben.<\/p>\n<h3>Verarbeitung personen-bezogener Daten<\/h3>\n<p>Die Definitionen von personenbezogenen Daten und der Verarbeitung entsprechen Art. 4 DSGVO. Personenbezogen sind jene Informationen, die dazu genutzt werden k\u00f6nnen, um die Identit\u00e4t der jeweiligen Person zu erfahren, wie zB Name, Anschrift, Telefonnummer.<\/p>\n<h3>Protokollierung am Server<\/h3>\n<p>In Verbindung mit dem Zugriff auf die Webseite werden serverseitig folgende Daten in der LOG-Datei des Webservers gespeichert:<\/p>\n<ul>\n<li>Datum und Uhrzeit Ihres Zugriffs<\/li>\n<li>Ihre IP-Adresse<\/li>\n<li>aufgerufene Internetseite<\/li>\n<li>Name der abgerufenen Datei<\/li>\n<li>\u00fcbertragene Datenmenge<\/li>\n<li>R\u00fcckmeldung, ob der Zugriff erfolgreich war<\/li>\n<li>Meldung, warum ein Abruf ggf. fehlgeschlagen ist<\/li>\n<li><del>Name Ihres Internet Service Providers<\/del> (berichtigt 2025-08-29)<\/li>\n<li>Ihr Betriebssystem und Browsersoftware<\/li>\n<\/ul>\n<p>Wir verwenden keine personenbezogene Informationen f\u00fcr diese Webseite. Sollten wir jedoch im Rahmen einer Auftragsdatenverarbeitung LOG-Daten an Dienstleister weitergeben, so sind diese vertraglich an das kirchliche Datenschutzgesetz und andere gesetzliche Vorschriften gebunden.<\/p>\n<h3>Beh\u00f6rdliche \u00dcbermittlung<\/h3>\n<p>Erhebungen und \u00dcbermittlungen von LOG-Daten an staatliche Einrichtungen und Beh\u00f6rden erfolgen nur im Rahmen zwingender gesetzlicher Vorschriften. Diese werden von uns im Falle einer rechtlichen Anordnung gr\u00fcndlich vor \u00dcbermittlung von Daten gepr\u00fcft.<\/p>\n<h3>Rechtsgrundlagen<\/h3>\n<p>Je nach Art des Dienstes, den Sie nutzen, haben wir folgende Rechtsgrundlagen f\u00fcr die Verarbeitung:<\/p>\n<ul>\n<li>Erf\u00fcllung rechtlicher Verpflichtungen gem. Art. 6 Abs. 1 lit. c. DSGVO (insbesondere bei missbr\u00e4uchlicher Verwendung unserer Webseite)<\/li>\n<li>Verarbeitung zur Wahrung unserer berechtigten Interessen Art. 6 Abs. 1 lit. f. DSGVO (insbesondere Optimierung unserer Webseite)<\/li>\n<\/ul>\n<h3>Unm\u00fcndige Minderj\u00e4hrige<\/h3>\n<p>Personen, die noch nicht das 14. Lebensjahr vollendet haben, d\u00fcrfen ohne Zustimmung der Eltern oder Erziehungsberechtigten im Rahmen dieser Webseite keine personenbezogenen Daten \u00fcbermitteln.<\/p>\n<h3>Verlinkungen<\/h3>\n<p>Unsere Webseite enth\u00e4lt Verweise (Links) zu anderen, externen Webseiten. Diese haben eigene datenschutzrechtliche Datenschutzerkl\u00e4rungen, die au\u00dferhalb unseres Einflusses liegen.<\/p>\n<p>Vor der Verlinkung haben wir die Inhalte sorgf\u00e4ltig gepr\u00fcft. Da nachtr\u00e4gliche \u00c4nderungen m\u00f6glich sind, freuen wir uns \u00fcber Ihre Mitteilung, wenn Sie der Meinung sein, dass ein Link auf rechtswidrige Inhalte gesetzt wurde. Wir werden dies unverz\u00fcglich pr\u00fcfen.<\/p>\n<h3>Sicherheitsma\u00dfnahmen<\/h3>\n<p>Wir haben technische und organisatorische Ma\u00dfnahmen getroffen, um LOG-Daten vor Verlust, unbefugtem Zugriff und Missbrauch zu sch\u00fctzen.<\/p>\n<h3>Allgemeines zum Einsatz von Cookies<\/h3>\n<p>Wir erfassen und verkn\u00fcpfen keine personenbezogenen Daten mittels Cookies auf unserer Webseite. S\u00e4mtliche Funktionen sind auch ohne Cookies verwendbar.<\/p>\n<p>Wir verwenden &#8222;Session-Cookies&#8220;, die nur f\u00fcr die Zeitdauer Ihres Besuchs auf unserer Webseite abgelegt werden. In einem Session-Cookie wird eine zuf\u00e4llig erzeugte eindeutige Identifikationsnummer abgelegt, eine sogenannte Session-ID. Dieses Cookie wird gel\u00f6scht, sobald Sie unsere Seite verlassen.<\/p>\n<h3>Google Maps<\/h3>\n<p>Google Maps wird auf unserer Homepage nicht mehr als direkter Link angeboten um eine Weitergabe von Daten an Google zu vermeiden.<\/p>\n<h3>Youtube<\/h3>\n<p>Auf dieser Webseite k\u00f6nnen gelegentlich Videos von der Plattform Youtube eingebunden werden. Dabei wird Ihre IP-Adresse an die Server von Youtube (geh\u00f6rt zu Google) \u00fcbertragen. Wenn Sie eine unserer mit einem YouTube-Plugin ausgestatteten Seiten besuchen, wird eine Verbindung zu den Servern von YouTube hergestellt, sobald Sie die Wiedergabe eines Videos starten. Dabei wird dem Youtube-Server mitgeteilt, welche unserer Seiten Sie besucht haben.<\/p>\n<p>Die Nutzung YouTube-Plugins erfolgt zum Zweck einer ansprechenden Gestaltung unserer Website und um die Darstellung von Videoinhalten zu erm\u00f6glichen. Dies ist im kirchlichen Interesse. Die Daten\u00fcbertragung in die USA erfolgt gem\u00e4\u00df des Durchf\u00fchrungsbeschlusses (EU) 2016\/1250 der EU-Kommission (EU-US-Privacy-Shield).<\/p>\n<p>Wenn Sie in Ihrem YouTube-Account eingeloggt sind erm\u00f6glichen Sie YouTube, Ihr Surfverhalten direkt Ihrem pers\u00f6nlichen Profil zuzuordnen. Dies k\u00f6nnen Sie verhindern, indem Sie sich aus Ihrem YouTube-Account ausloggen.<\/p>\n<p>Auf das Angebot von Youtube bzw. Google haben wir keinen Einfluss. Die Nutzungsbedingungen f\u00fcr Youtube finden Sie hier:\u00a0<a href=\"https:\/\/www.youtube.com\/t\/terms\" target=\"_blank\" rel=\"noopener\">https:\/\/www.youtube.com\/t\/terms<\/a>.<\/p>\n<p>Postanschrift: YouTube LLC, 901 Cherry Ave., San Bruno, CA 94066, USA, vertreten durch: Google LLC, 1600 Amphitheatre Parkway, Mountain View, CA 94043, USA<\/p>\n<h3>Google Web Fonts<\/h3>\n<p>Diese Seite nutzt zur einheitlichen Darstellung von Schriftarten so genannte Web Fonts, die von Google bereitgestellt werden. Beim Aufruf einer Seite l\u00e4dt Ihr Browser die ben\u00f6tigten Web Fonts in ihren Browsercache, um Texte und Schriftarten korrekt anzuzeigen.<\/p>\n<p>Zu diesem Zweck muss der von Ihnen verwendete Browser Verbindung zu den Servern von Google aufnehmen. Hierdurch erlangt Google Kenntnis dar\u00fcber, dass \u00fcber Ihre IP-Adresse unsere Webseite aufgerufen wurde. Die Nutzung von Google Web Fonts erfolgt im Interesse einer einheitlichen und ansprechenden Darstellung unserer Webseite.<\/p>\n<p>Wenn Ihr Browser Web Fonts nicht unterst\u00fctzt, wird eine Standardschrift von Ihrem Computer genutzt.<\/p>\n<p>Weitere Informationen zu Google Web Fonts finden Sie unter <a href=\"https:\/\/developers.google.com\/fonts\/faq\" target=\"_blank\" rel=\"noopener\">https:\/\/developers.google.com\/fonts\/faq<\/a> und in der Datenschutzerkl\u00e4rung von Google: <a href=\"https:\/\/www.google.com\/policies\/privacy\/\" target=\"_blank\" rel=\"noopener\">https:\/\/www.google.com\/policies\/privacy\/<\/a>.<\/p>\n<p>Update 27.09.2025: Google Fonts werden auf den Standardseiten nicht mehr bzw. nur lokal auf \u00fcber unserem Server verwendet.<br \/>\nAusgenommen davon k\u00f6nnen spezielle Zusatzprogramme (Plugins) oder auch eingebettete Youtube-Videos sein.<\/p>\n<h3>Verwendete Grafiken und Bilder<\/h3>\n<p>Wir verwenden nach M\u00f6glichkeit eigene Bilder und Grafiken.<br \/>\nZus\u00e4tzlich verwenden wir Bilder und Grafiken der Materialdienste gemeindebrief.de (mit Abonnement) und pfarrbriefservice.de (kostenfrei).<\/p>\n<p>Ein Teil der Grafiken und Bilder auf dieser Homepage stammt von <a href=\"https:\/\/pixabay.com\" target=\"_blank\" rel=\"noopener\">pixabay.com<\/a>, einer Plattform, die diese Inhalte lizenzfrei anbietet.<br \/>\nN\u00e4heres siehe <a href=\"https:\/\/pixabay.com\/de\/service\/terms\/\" target=\"_blank\" rel=\"noopener\">hier<\/a>.<\/p>\n<p>Erg\u00e4nzt am 06.01.2025<\/p>\n<h3>Ihre Rechte als Besucher der Website<\/h3>\n<p>Sie k\u00f6nnen das Recht auf Auskunft, Berichtigung, L\u00f6schung, Einschr\u00e4nkung und Daten\u00fcbertragbarkeit Ihrer gespeicherten Daten geltend machen.<\/p>\n<p>Sie haben das Recht gem\u00e4\u00df Art. 15 DSGVO und \u00a7 8 DatSchG, von uns Auskunft \u00fcber Ihre personenbezogenen Daten, die bei uns verarbeitet werden, zu erhalten.<\/p>\n<p>Sie haben dar\u00fcber hinaus das Recht, dass wir Ihre unrichtigen Daten ausbessern oder vervollst\u00e4ndigen.<\/p>\n<p>Sie haben jederzeit das Recht, freiwillig abgegebene Einwilligungen zur Verarbeitung Ihrer Daten zu widerrufen.<\/p>\n<p>Sie haben das Recht, von uns zu verlangen, dass Ihre Daten gel\u00f6scht oder anonymisiert werden, mit der Einschr\u00e4nkung, dass dem keine anderen Gr\u00fcnde entgegenstehen (zB gesetzliche Aufbewahrungsfristen).<\/p>\n<p>Wenn Sie der Ansicht sind, dass die Verarbeitung Ihrer personenbezogenen Daten gegen gesetzliche Bestimmungen verst\u00f6\u00dft, treten Sie mit uns in Kontakt, wir bem\u00fchen uns, Ihr Anliegen zu l\u00f6sen!<\/p>\n<p>F\u00fcr Fragen und Anliegen zum Datenschutz steht Ihnen gern die\/der <a href=\"mailto: datenschutz@hallein-evangelisch.at\">Datenschutzbeauftragte<\/a> zur Verf\u00fcgung.<\/p>\n<h3>Aufsichtsbeh\u00f6rde<\/h3>\n<p>Im \u00dcbrigen haben Sie das Recht auf Beschwerde bei einer unabh\u00e4ngigen Aufsichtsbeh\u00f6rde. Die gem\u00e4\u00df Art. 91 Abs. 2 DSGVO zust\u00e4ndige Aufsichtsbeh\u00f6rde ist:<\/p>\n<p>Datenschutzsenat der Evangelischen Kirche A. und H. B. in \u00d6sterreich<br \/>\n1180 Wien, Severin-Schreiber-Gasse 3<br \/>\noffice@datenschutzsenat.at<\/p>\n<p>Die Aufsichtsbeh\u00f6rde der Republik \u00d6sterreich ist die Datenschutzbeh\u00f6rde (dsb@dsb.gv.at; https:\/\/www.dsb.gv.at).<\/p>\n<h3>e-Mail Kommunikation<\/h3>\n<p>Wir verwenden zurzeit in der E-Mail-Kommunikation keine elektronische Verschl\u00fcsselung der Inhalte und keine elektronischen Signaturen. Wir weisen darauf hin, dass unverschl\u00fcsselte E-Mails \u00fcber das Internet unter Umst\u00e4nden auch von Unbefugten gelesen werden k\u00f6nnen. Vertrauliche Mitteilungen oder Dokumente, die eine \u201ebesondere Schriftform\u201c erfordern und\/oder fristgebunden sind, sollten deshalb nicht per E-Mail \u00fcbermittelt werden. Bitte \u00fcbermitteln Sie diese Dokumente per Post oder Telefax.<\/p>\n<p>Wenn Sie uns eine E-Mail senden, so wird Ihre E-Mail-Adresse nur f\u00fcr die Korrespondenz mit Ihnen verwendet.<\/p>\n<h3>Haftungsausschluss<\/h3>\n<p>Wir haben unsere Inhalte des Internetauftritts sorgf\u00e4ltig gepr\u00fcft. Eine Vollst\u00e4ndigkeit, Richtigkeit, Aktualit\u00e4t oder Qualit\u00e4t und jederzeitige Verf\u00fcgbarkeit der bereit gestellten Informationen kann von uns leider nicht gew\u00e4hrleistet werden. Wir behalten uns ausdr\u00fccklich vor, unsere Webseite oder Teile davon jederzeit zu \u00e4ndern, erg\u00e4nzen, l\u00f6schen oder einzuschr\u00e4nken, ohne dass daraus Rechte abgeleitet werden k\u00f6nnen.<\/p>\n<h3>Urheberrecht<\/h3>\n<p>Unsere Gestaltung der Webseite, unser Logo, Texte, Fotografien und Bilder sind teilweise urheberrechtlich gesch\u00fctzt und d\u00fcrfen ohne ausdr\u00fcckliche schriftliche Zustimmung nicht vervielf\u00e4ltigt, gesendet, zur Verf\u00fcgung gestellt, vor- und aufgef\u00fchrt und vorgetragen sowie nicht \u00fcbersetzt, bearbeitet oder verarbeitet werden.<\/p>\n<h3>\u00c4nderung<\/h3>\n<p>Wir behalten uns vor, diese Datenschutzerkl\u00e4rung zu adaptieren, insbesondere, wenn sich die von uns eingesetzten Techniken ver\u00e4ndern. Bitte rufen Sie daher gelegentlich diese Datenschutzerkl\u00e4rung erneut auf.<\/p>\n<p><em>Letzte \u00c4nderung: 25.08.2022.<\/em><\/p>\n<h2><b>Information \u00fcber Datenverarbeitungen im Verwaltungsprogramm Evangelische Gemeindedaten Online (\u201eEGON\u201c)<\/b><\/h2>\n<p>In dieser Datenschutzerkl\u00e4rung erfahren Sie, welche Daten wir zentral\u00a0<span class=\"Apple-converted-space\">\u00a0<\/span>erfassen, zu welchen Zwecken wir sie erfassen und was wir damit machen.<\/p>\n<p><b>Wozu?\u00a0Verarbeitungszweck<\/b><\/p>\n<p>Wir verarbeiten Informationen \u00fcber Sie, um Amtshandlungen vorzunehmen\u00a0und Ihren Kirchenbeitrag zu ermitteln. Amtshandlungen sind z.B. Taufe,<span class=\"Apple-converted-space\">\u00a0K<\/span>onfirmation oder Trauung. Ihre Kontaktdaten verarbeiten wir auch, um<span class=\"Apple-converted-space\">\u00a0<\/span>Sie z.B. \u00fcber Veranstaltungen und Feierlichkeiten zu informieren.<\/p>\n<p><b>Was? Datenkategorien<\/b><\/p>\n<p>Wir verarbeiten folgende Informationen: Name, Adresse, Kontaktdaten,<span class=\"Apple-converted-space\">\u00a0<\/span>Beruf, Familienstand, Geburtsdatum, Staatsb\u00fcrgerschaft, religi\u00f6ses<span class=\"Apple-converted-space\">\u00a0<\/span>Bekenntnis, Verrechnungsdaten betreffend Ihren Kirchenbeitrag,<span class=\"Apple-converted-space\">\u00a0<\/span>gegebenenfalls kirchliche Funktion(en) und\/oder \u00fcbertragene kirchliche<span class=\"Apple-converted-space\">\u00a0<\/span>Aufgaben. Hinweis: Es kommt vor, dass wir \u00fcber Sie in einer oder<span class=\"Apple-converted-space\">\u00a0<\/span>mehreren Kategorien keine Informationen verarbeiten. Konkrete Auskunft<span class=\"Apple-converted-space\">\u00a0<\/span>\u00fcber Sie betreffende Daten bekommen Sie unter dsauskunft@evang.at.<\/p>\n<p><b>Wie? Datenerhebung<\/b><\/p>\n<p>In der Regel teilen Sie uns Ihre Informationen selbst mit, z.B. beim<span class=\"Apple-converted-space\">\u00a0<\/span>Ausf\u00fcllen Ihres Trauungsprotokolls. Gem\u00e4\u00df \u00a7 20 Abs. 7 Meldegesetz<span class=\"Apple-converted-space\">\u00a0<\/span>erhalten wir zudem von der Republik \u00d6sterreich Ihre Meldedaten (Name,<span class=\"Apple-converted-space\">\u00a0<\/span>Anschrift, Geburtsdatum), wenn Sie der Meldebeh\u00f6rde mitgeteilt haben,<span class=\"Apple-converted-space\">\u00a0<\/span>dass Sie Mitglied der der Evangelischen Kirche A.B. oder H.B. sind.<\/p>\n<p><b>Mit welchem Recht? Rechtsgrundlagen<\/b><\/p>\n<p>Wir verarbeiten Ihre Daten aufgrund bundesgesetzlicher und<span class=\"Apple-converted-space\">\u00a0<\/span>kirchenrechtlicher Bestimmungen. Folgende Bundesgesetze enthalten<span class=\"Apple-converted-space\">\u00a0<\/span>Regelungen, die uns verpflichten: Protestantengesetz,<span class=\"Apple-converted-space\">\u00a0<\/span>Personenstandsgesetz 2013, Einkommenssteuergesetz, Meldegesetz,<span class=\"Apple-converted-space\">\u00a0<\/span>E-Governmentgesetz (inkl. zugeh\u00f6rige Gesetze) und<span class=\"Apple-converted-space\">\u00a0<\/span>Sonderausgabendaten\u00fcbermittlungsverordnung. Folgendes Kirchenrecht:<span class=\"Apple-converted-space\">\u00a0<\/span>Verfassung der Evangelischen Kirche A.u.H.B. in<span class=\"Apple-converted-space\">\u00a0<\/span>\u00d6sterreich,Mitgliedschaftsordnung, Kirchenbeitrags- und<span class=\"Apple-converted-space\">\u00a0<\/span>Finanzausgleichsordnung,Matrikenordnung und Verordnung \u00fcber die<span class=\"Apple-converted-space\">\u00a0<\/span>Verwendung des Verwaltungsprogramms \u201eDie Evangelischen Gemeindedaten<span class=\"Apple-converted-space\">\u00a0<\/span>Online\u201c, Ordnung der Evangelischen Jugend in \u00d6sterreich.<\/p>\n<p><b>Wie lange? Speicherdauer \/ L\u00f6schfrist<\/b><\/p>\n<p>Wir speichern Ihre Kirchenbeitragsvorschreibungsdaten,<span class=\"Apple-converted-space\">\u00a0<\/span>Kirchenbeitragsmahndaten und Kirchenbeitragszahlungsdaten f\u00fcr die Dauer<span class=\"Apple-converted-space\">\u00a0<\/span>von zehn Jahren. Danach werden diese Daten routinem\u00e4\u00dfig anonymisiert.<span class=\"Apple-converted-space\">\u00a0<\/span>F\u00fcr die Aufbewahrung von Daten im Zusammenhang mit dem Personenstand<span class=\"Apple-converted-space\">\u00a0<\/span>gilt das Personenstandsgesetz 2013.<\/p>\n<p><b>Wer? Gemeinsame Verantwortliche<\/b><\/p>\n<p>Wir betreiben diese Datenverarbeitung gemeinsam mit anderen<span class=\"Apple-converted-space\">\u00a0<\/span>Verantwortlichen der Evangelischen Kirche in \u00d6sterreich. Wie wir<span class=\"Apple-converted-space\">\u00a0<\/span>zusammenarbeiten k\u00f6nnen Sie der Verordnung \u00fcber die Verwendung des<span class=\"Apple-converted-space\">\u00a0<\/span>Verwaltungsprogramms \u201eDie Evangelischen Gemeindedaten Online\u201c sowie dem<span class=\"Apple-converted-space\">\u00a0<\/span>kirchlichen Datenschutzgesetz entnehmen.<\/p>\n<p><b>Auftragsverarbeiter<\/b><\/p>\n<p>F\u00fcr EGON ziehen wir Auftragsverarbeiter z.B. zu technischen Dienstleistungen heran.<\/p>\n<p><b>Empf\u00e4nger? Daten\u00fcbermittlungen<\/b><\/p>\n<p>Ihre Daten werden weder verkauft noch verpachtet und nur aufgrund<span class=\"Apple-converted-space\">\u00a0<\/span>gesetzlicher Bestimmungen weitergegeben. Ihre Kirchenbeitragsdaten<span class=\"Apple-converted-space\">\u00a0<\/span>\u00fcbermitteln wir aufgrund der Sonderausgabendaten\u00fcbermittlungsverordnung<span class=\"Apple-converted-space\">\u00a0<\/span>des Bundes an das Bundesministerium f\u00fcr Finanzen. Ihre<span class=\"Apple-converted-space\">\u00a0<\/span>Personenstandsdaten leiten wir aufgrund des Meldegesetz an das<span class=\"Apple-converted-space\">\u00a0<\/span>Bundesministerium f\u00fcr Inneresweiter. Namen und Geburtsdaten von<span class=\"Apple-converted-space\">\u00a0<\/span>Mitgliedern der Evangelischen Kirche unter 21 Jahren sind aufgrund der<span class=\"Apple-converted-space\">\u00a0<\/span>Ordnung der Evangelischen Jugend in \u00d6sterreich an die Evangelische<span class=\"Apple-converted-space\">\u00a0<\/span>Jugend in \u00d6sterreich zu melden. Ihre Daten\u00a0werden stets sicher und<span class=\"Apple-converted-space\">\u00a0<\/span>verschl\u00fcsselt \u00fcbermittelt.<\/p>\n<p><b>Wie wird mein Kirchenbeitrag gesch\u00e4tzt?<\/b><\/p>\n<p>Ihr Kirchenbeitrag basiert auf Ihrem Einkommen. F\u00fcr den Fall, dass<span class=\"Apple-converted-space\">\u00a0<\/span>Sie uns gegen\u00fcber keine Angaben \u00fcber Ihr Einkommen machen, sch\u00e4tzen wir<span class=\"Apple-converted-space\">\u00a0<\/span>Ihr Jahreseinkommen zur Berechnung Ihres Kirchenbeitrages. Basis unserer<span class=\"Apple-converted-space\">\u00a0<\/span>Sch\u00e4tzung sind die Durchschnittsgeh\u00e4lter der Statistik Austria. Die<span class=\"Apple-converted-space\">\u00a0<\/span>Statistik Austria kn\u00fcpft das Durchschnittsgehalt z.B. an Alter,<span class=\"Apple-converted-space\">\u00a0<\/span>Wohnsitz, Akademischer Grad, Geschlecht. Die Sch\u00e4tzung basiert auf<span class=\"Apple-converted-space\">\u00a0<\/span>statistischer Logik, die Entscheidungen treffen bei uns immer Menschen.<span class=\"Apple-converted-space\">\u00a0<\/span>\u00dcbrigens: Sie haben jederzeit die M\u00f6glichkeit, unsere Sch\u00e4tzung zu<span class=\"Apple-converted-space\">\u00a0<\/span>berichtigen. Bitte wenden Sie sich an Ihre Kirchenbeitragsstelle.<\/p>\n<p><b>Kontakt<\/b><\/p>\n<p>Evangelische Kirche A.u.H.B. in \u00d6sterreich, Severin-Schreiber-Gasse<span class=\"Apple-converted-space\">\u00a0<\/span>1-3, 1180 Wien, +43 59 1517 00<\/p>\n<p>Unsere Datenschutzbeauftragte erreichen<span class=\"Apple-converted-space\">\u00a0<\/span>Sie unter: dsb@evang.at, Severin- Schreiber-Gasse 1-3, 1180 Wien, +43 59<span class=\"Apple-converted-space\">\u00a0<\/span>1517 00<\/p>\n<p><b>Ihre Rechte<\/b><\/p>\n<p>Ihnen stehen grunds\u00e4tzlich die Rechte auf Auskunft, Berichtigung,<span class=\"Apple-converted-space\">\u00a0<\/span>L\u00f6schung, Einschr\u00e4nkung und Widerspruch zu. Bitte wenden Sie sich daf\u00fcr<span class=\"Apple-converted-space\">\u00a0<\/span>an dsauskunft@evang.at. Da wir Ihre Kontaktdaten in unseren berechtigten<span class=\"Apple-converted-space\">\u00a0<\/span>Interessen verarbeiten, haben Sie grunds\u00e4tzlich ein Widerspruchsrecht,<span class=\"Apple-converted-space\">\u00a0<\/span>wenn bei Ihnen Gr\u00fcnde vorliegen, die sich aus Ihrer besonderen Situation<span class=\"Apple-converted-space\">\u00a0<\/span>ergeben und gegen diese Verarbeitung sprechen. Wenden Sie sich bitte an<span class=\"Apple-converted-space\">\u00a0<\/span>dsauskunft@evang.at. Wenn Sie glauben, dass die Verarbeitung Ihrer<span class=\"Apple-converted-space\">\u00a0<\/span>Daten gegen das Datenschutzrecht verst\u00f6\u00dft, oder Ihre<span class=\"Apple-converted-space\">\u00a0<\/span>datenschutzrechtlichen Anspr\u00fcche sonst in einer Weise verletzt worden<span class=\"Apple-converted-space\">\u00a0<\/span>sind, k\u00f6nnen Sie sich bei der Aufsichtsbeh\u00f6rde beschweren. F\u00fcr die<span class=\"Apple-converted-space\">\u00a0<\/span>Evangelische Kirche A.u.H.B. in \u00d6sterreich ist der Datenschutzsenat der<span class=\"Apple-converted-space\">\u00a0<\/span>Evangelischen Kirche A.u.H.B. in \u00d6sterreich zust\u00e4ndig.<\/p>\n<p><b>Aufsichtsbeh\u00f6rde<\/b><\/p>\n<p>Datenschutzsenat der Evangelischen Kirche A.u.H.B. in \u00d6sterreich,<span class=\"Apple-converted-space\">\u00a0<\/span>1180 Wien, Severin-Schreiber-Gasse 3, datenschutzsenat@evang.at<\/p>\n<p>Aushangpflichtig laut \u00a7 14 (1) und (2) EGON-Verordnung ABl. Nr. 55\/2018<\/p>\n<p><i>Zuletzt ge\u00e4ndert am 24.05.2018<\/i><\/p>\n","protected":false},"excerpt":{"rendered":"<div class=\"mh-excerpt\"><p>[Update 27.09.2025] Impressum Name des Medieninhabers: Pfarrer Dr. Peter Gabriel Adresse des Medieninhabers: 5400 Hallein, Davisstra\u00dfe 38 Zweck der Homepage: Information \u00fcber das Gemeindeleben, Anregungen und Kommentare. Siehe LEiTBILD der Evangelischen Pfarrgemeinde A.B. Hallein Vorwort <a class=\"mh-excerpt-more\" href=\"https:\/\/hallein-evangelisch.at\/wp\/?page_id=4425\" title=\"Erkl\u00e4rung zum Datenschutz (Privacy Policy) \u2013 Impressum\">[&#8230;]<\/a><\/p>\n<\/div>","protected":false},"author":8,"featured_media":0,"parent":0,"menu_order":0,"comment_status":"closed","ping_status":"closed","template":"","meta":{"footnotes":""},"class_list":["post-4425","page","type-page","status-publish"],"_links":{"self":[{"href":"https:\/\/hallein-evangelisch.at\/wp\/index.php?rest_route=\/wp\/v2\/pages\/4425","targetHints":{"allow":["GET"]}}],"collection":[{"href":"https:\/\/hallein-evangelisch.at\/wp\/index.php?rest_route=\/wp\/v2\/pages"}],"about":[{"href":"https:\/\/hallein-evangelisch.at\/wp\/index.php?rest_route=\/wp\/v2\/types\/page"}],"author":[{"embeddable":true,"href":"https:\/\/hallein-evangelisch.at\/wp\/index.php?rest_route=\/wp\/v2\/users\/8"}],"replies":[{"embeddable":true,"href":"https:\/\/hallein-evangelisch.at\/wp\/index.php?rest_route=%2Fwp%2Fv2%2Fcomments&post=4425"}],"version-history":[{"count":31,"href":"https:\/\/hallein-evangelisch.at\/wp\/index.php?rest_route=\/wp\/v2\/pages\/4425\/revisions"}],"predecessor-version":[{"id":17210,"href":"https:\/\/hallein-evangelisch.at\/wp\/index.php?rest_route=\/wp\/v2\/pages\/4425\/revisions\/17210"}],"wp:attachment":[{"href":"https:\/\/hallein-evangelisch.at\/wp\/index.php?rest_route=%2Fwp%2Fv2%2Fmedia&parent=4425"}],"curies":[{"name":"wp","href":"https:\/\/api.w.org\/{rel}","templated":true}]}}